{"id":25,"date":"2023-08-18T11:15:49","date_gmt":"2023-08-18T09:15:49","guid":{"rendered":"https:\/\/nyomtatlak.hu\/?page_id=25"},"modified":"2025-09-15T16:05:05","modified_gmt":"2025-09-15T14:05:05","slug":"kapcsolat","status":"publish","type":"page","link":"https:\/\/nyomtatlak.hu\/index.php\/kapcsolat\/","title":{"rendered":"Kapcsolat"},"content":{"rendered":"\n<div class=\"wp-block-columns is-layout-flex wp-container-core-columns-is-layout-9d6595d7 wp-block-columns-is-layout-flex\">\n<div class=\"wp-block-column is-layout-flow wp-block-column-is-layout-flow\" style=\"flex-basis:50%\">\n<p style=\"font-size:18px\"><strong>\u200b<a href=\"https:\/\/www.nyomtatlak.hu\/index.php\/mivel-foglalkozunk\">El\u00e9rhet\u0151s\u00e9geink:<\/a><\/strong><\/p>\n\n\n\n<p class=\"has-black-color has-text-color has-link-color wp-elements-c7a3b2424dd6ef5a760798fa0721975d\" style=\"font-size:16px\"><strong>Nyomtat-Lak Kereskedelmi \u00e9s szolg\u00e1ltat\u00f3 bet\u00e9ti t\u00e1rsas\u00e1g<\/strong><br><br>C\u00edm: 2800 Tatab\u00e1nya, \u00c1rp\u00e1d u. 68.&nbsp;<br>Ad\u00f3sz\u00e1m:22353825-2-11&nbsp;<br>C\u00e9gjegyz\u00e9ksz\u00e1m: 11-06-010012&nbsp;<br>Tel.: +36 (34) 787-693&nbsp;<br>E-mail: <a href=\"mailto:bolt@nyomtatlak.hu\"><strong>bolt@nyomtatlak.hu<\/strong><\/a><\/p>\n\n\n\n<p class=\"has-black-color has-text-color has-link-color wp-elements-cadaa6c388606d292119fde49b415824\" style=\"font-size:16px\"><a href=\"mailto:nyomtatlak@gmail.com\"><strong>nyomtatlak@gmail.com<\/strong><\/a><\/p>\n\n\n\n<p class=\"has-black-color has-text-color has-link-color wp-elements-1723cd4a992fa60abd69dd361080904f\" style=\"font-size:16px\">web: <a href=\"http:\/\/www.nyomtatlak.hu\/\"><strong>www.nyomtatlak.hu<\/strong><\/a><\/p>\n\n\n\n<p style=\"font-size:16px\"><strong>Nyitvatart\u00e1s:&nbsp;<\/strong><\/p>\n\n\n\n<p style=\"font-size:16px\"><strong>H\u00e9tf\u0151-Cs\u00fct\u00f6rt\u00f6k:\u00a0<br>7:30 &#8211; 17:30\u00a0<br>P\u00e9ntek:<br> 7:30 &#8211; 16:00<br>Szombat<br> 8:00 &#8211; 12:00<\/strong><\/p>\n<\/div>\n\n\n\n<div class=\"wp-block-column is-layout-flow wp-block-column-is-layout-flow\" style=\"flex-basis:60%\">\n<iframe src=\"https:\/\/www.google.com\/maps\/embed?pb=!1m14!1m8!1m3!1d10768.435056019058!2d18.397035!3d47.5656722!3m2!1i1024!2i768!4f13.1!3m3!1m2!1s0x476a409396b97de9%3A0x7f1a76757cb2f0e!2sNyomtatlak%20Irodatechnikai%20szak%C3%BCzlet%20%C3%A9s%20Szerviz!5e0!3m2!1shu!2shu!4v1688192366979!5m2!1shu!2shu\" width=\"450\" height=\"450\" style=\"border:0;\" allowfullscreen=\"\" loading=\"lazy\" referrerpolicy=\"no-referrer-when-downgrade\"><\/iframe>\n<\/div>\n<\/div>\n\n\n\n<p><\/p>\n","protected":false},"excerpt":{"rendered":"<p>\u200bEl\u00e9rhet\u0151s\u00e9geink: Nyomtat-Lak Kereskedelmi \u00e9s szolg\u00e1ltat\u00f3 bet\u00e9ti t\u00e1rsas\u00e1g C\u00edm: 2800 Tatab\u00e1nya, \u00c1rp\u00e1d u. 68.&nbsp;Ad\u00f3sz\u00e1m:22353825-2-11&nbsp;C\u00e9gjegyz\u00e9ksz\u00e1m: 11-06-010012&nbsp;Tel.: +36 (34) 787-693&nbsp;E-mail: bolt@nyomtatlak.hu nyomtatlak@gmail.com web: www.nyomtatlak.hu Nyitvatart\u00e1s:&nbsp; H\u00e9tf\u0151-Cs\u00fct\u00f6rt\u00f6k:\u00a07:30 &#8211; 17:30\u00a0P\u00e9ntek: 7:30 &#8211; 16:00Szombat 8:00 &#8211; 12:00<\/p>\n","protected":false},"author":1,"featured_media":0,"parent":0,"menu_order":0,"comment_status":"closed","ping_status":"closed","template":"","meta":{"footnotes":""},"class_list":["post-25","page","type-page","status-publish","czr-hentry"],"_links":{"self":[{"href":"https:\/\/nyomtatlak.hu\/index.php\/wp-json\/wp\/v2\/pages\/25","targetHints":{"allow":["GET"]}}],"collection":[{"href":"https:\/\/nyomtatlak.hu\/index.php\/wp-json\/wp\/v2\/pages"}],"about":[{"href":"https:\/\/nyomtatlak.hu\/index.php\/wp-json\/wp\/v2\/types\/page"}],"author":[{"embeddable":true,"href":"https:\/\/nyomtatlak.hu\/index.php\/wp-json\/wp\/v2\/users\/1"}],"replies":[{"embeddable":true,"href":"https:\/\/nyomtatlak.hu\/index.php\/wp-json\/wp\/v2\/comments?post=25"}],"version-history":[{"count":13,"href":"https:\/\/nyomtatlak.hu\/index.php\/wp-json\/wp\/v2\/pages\/25\/revisions"}],"predecessor-version":[{"id":238,"href":"https:\/\/nyomtatlak.hu\/index.php\/wp-json\/wp\/v2\/pages\/25\/revisions\/238"}],"wp:attachment":[{"href":"https:\/\/nyomtatlak.hu\/index.php\/wp-json\/wp\/v2\/media?parent=25"}],"curies":[{"name":"wp","href":"https:\/\/api.w.org\/{rel}","templated":true}]}}