{"id":22,"date":"2023-08-18T11:15:49","date_gmt":"2023-08-18T09:15:49","guid":{"rendered":"https:\/\/nyomtatlak.hu\/?page_id=22"},"modified":"2023-08-19T07:09:20","modified_gmt":"2023-08-19T05:09:20","slug":"mivel-foglalkozunk","status":"publish","type":"page","link":"https:\/\/nyomtatlak.hu\/index.php\/mivel-foglalkozunk\/","title":{"rendered":"Mivel foglalkozunk"},"content":{"rendered":"\n<div class=\"wp-block-columns is-layout-flex wp-container-core-columns-is-layout-9d6595d7 wp-block-columns-is-layout-flex\">\n<div class=\"wp-block-column is-layout-flow wp-block-column-is-layout-flow\" style=\"flex-basis:66.66%\">\n<p style=\"font-size:13px\">Amivel&nbsp; fogla\u200blkozunk:<\/p>\n\n\n\n<p style=\"font-size:13px\">&#8211; F\u00e9nym\u00e1sol\u00f3k, nyomtat\u00f3k, fax k\u00e9sz\u00fcl\u00e9kek jav\u00edt\u00e1s\u00e1val, karbantart\u00e1s\u00e1val.<\/p>\n\n\n\n<p style=\"font-size:13px\">&#8211; F\u00e9nym\u00e1sol\u00f3k, nyomt\u200bat\u00f3k b\u00e9rbead\u00e1sa.<\/p>\n\n\n\n<p style=\"font-size:13px\">&#8211; Sz\u00e1m\u00edt\u00f3g\u00e9pek, sz\u00e1m\u00edt\u00f3g\u00e9p h\u00e1l\u00f3zatok teljes ki\u00e9p\u00edt\u00e9s\u00e9vel jav\u00edt\u00e1s\u00e1val, karbantart\u00e1s\u00e1val.<\/p>\n\n\n\n<p style=\"font-size:13px\">&#8211; LCD Monitorok t\u00e1pegys\u00e9g jav\u00edt\u00e1sa<\/p>\n\n\n\n<p style=\"font-size:13px\">&#8211; F\u00e9nym\u00e1sol\u00e1ssal , nyomtat\u00e1ssal,\u00a0(Fekete-Feh\u00e9r, Sz\u00ednesben A3-ig)\u00a0\u00a0<\/p>\n\n\n\n<p style=\"font-size:13px\">&nbsp;(Nyomtat\u00e1s sz\u00ednesben is A0+ m\u00e9retig!)\u200b<\/p>\n\n\n\n<p style=\"font-size:13px\">&#8211; Egyedi v\u00e1szonk\u00e9p nyomtat\u00e1sa.<\/p>\n\n\n\n<p style=\"font-size:13px\">&#8211; Lamin\u00e1l\u00e1ssal, spir\u00e1loz\u00e1ssal, szkennel\u00e9ssel.<\/p>\n\n\n\n<p style=\"font-size:13px\"><\/p>\n\n\n\n<p style=\"font-size:13px\">&#8211; VHS felv\u00e9telek digitaliz\u00e1l\u00e1s\u00e1val.<\/p>\n\n\n\n<p style=\"font-size:13px\"><\/p>\n\n\n\n<p style=\"font-size:13px\">&#8211; N\u00e9vjegyk\u00e1rty\u00e1k, fot\u00f3k nyomtat\u00e1sa.<\/p>\n\n\n\n<p style=\"font-size:13px\">&#8211; Egyedi f\u00e9nyk\u00e9pes fali \/ asztali napt\u00e1r k\u00e9sz\u00edt\u00e9se.<\/p>\n\n\n\n<p style=\"font-size:13px\">&#8211; F\u00f3liav\u00e1g\u00e1s &nbsp;egyedi feliratok, mint\u00e1k (70\u00b5 k\u00fclt\u00e9ri) f\u00f3li\u00e1b\u00f3l v\u00e1gva<\/p>\n\n\n\n<p style=\"font-size:13px\">&#8211; T\u00e1blak\u00e9sz\u00edt\u00e9s 3 &#8211; 5 mm-es m\u0171anyag t\u00e1bl\u00e1ra kas\u00edrozott mint\u00e1val, felirattal<\/p>\n\n\n\n<p style=\"font-size:13px\">&#8211; B\u00e9lyegz\u0151 k\u00e9sz\u00edt\u00e9s&nbsp;&nbsp;<\/p>\n\n\n\n<p style=\"font-size:13px\">Amivel m\u00e9g \u00fczlet\u00fcnkben foglalkozunk:<\/p>\n\n\n\n<p style=\"font-size:13px\">&#8211; Pap\u00edr,- Kell\u00e9kanyag, Tonerek, tintapatronok&nbsp;(minden t\u00edpus\u00fa f\u00e9nym\u00e1sol\u00f3, nyomtat\u00f3, fax k\u00e9sz\u00fcl\u00e9kekhez)<\/p>\n\n\n\n<p style=\"font-size:13px\">&#8211; Sz\u00e1m\u00edt\u00f3g\u00e9p alkatr\u00e9szek,<\/p>\n\n\n\n<p style=\"font-size:13px\">&#8211; Informatikai kieg\u00e9sz\u00edt\u0151k (ide \u00e9rtve PDA \/ PNA-k \u00e9s kieg\u00e9sz\u00edt\u0151k)&nbsp; \u00e9rt\u00e9kes\u00edt\u00e9se<\/p>\n\n\n\n<p style=\"font-size:13px\">Forgalmazott kell\u00e9kanyag, alkatr\u00e9sz m\u00e1rk\u00e1k<\/p>\n<\/div>\n\n\n\n<div class=\"wp-block-column is-layout-flow wp-block-column-is-layout-flow\" style=\"flex-basis:33.33%\">\n<figure class=\"wp-block-image size-full is-resized is-style-rounded\"><img loading=\"lazy\" decoding=\"async\" src=\"https:\/\/nyomtatlak.hu\/wp-content\/uploads\/2023\/08\/images.jpg\" alt=\"\" class=\"wp-image-46\" style=\"object-fit:cover;width:356px;height:267px\" width=\"356\" height=\"267\"\/><\/figure>\n\n\n\n<p><\/p>\n\n\n\n<figure class=\"wp-block-image size-full is-resized\"><img loading=\"lazy\" decoding=\"async\" src=\"https:\/\/nyomtatlak.hu\/wp-content\/uploads\/2023\/08\/Nevtelen.png\" alt=\"\" class=\"wp-image-47\" style=\"width:384px;height:304px\" width=\"384\" height=\"304\"\/><\/figure>\n<\/div>\n<\/div>\n\n\n<div class=\"wp-block-image\">\n<figure class=\"aligncenter size-full is-resized\"><img loading=\"lazy\" decoding=\"async\" src=\"https:\/\/nyomtatlak.hu\/wp-content\/uploads\/2023\/08\/images1.jpg\" alt=\"\" class=\"wp-image-48\" style=\"width:235px;height:104px\" width=\"235\" height=\"104\"\/><\/figure>\n<\/div>\n\n\n<p><\/p>\n","protected":false},"excerpt":{"rendered":"<p>Amivel&nbsp; fogla\u200blkozunk: &#8211; F\u00e9nym\u00e1sol\u00f3k, nyomtat\u00f3k, fax k\u00e9sz\u00fcl\u00e9kek jav\u00edt\u00e1s\u00e1val, karbantart\u00e1s\u00e1val. &#8211; F\u00e9nym\u00e1sol\u00f3k, nyomt\u200bat\u00f3k b\u00e9rbead\u00e1sa. &#8211; Sz\u00e1m\u00edt\u00f3g\u00e9pek, sz\u00e1m\u00edt\u00f3g\u00e9p h\u00e1l\u00f3zatok teljes ki\u00e9p\u00edt\u00e9s\u00e9vel jav\u00edt\u00e1s\u00e1val, karbantart\u00e1s\u00e1val. &#8211; LCD Monitorok t\u00e1pegys\u00e9g jav\u00edt\u00e1sa &#8211; F\u00e9nym\u00e1sol\u00e1ssal , nyomtat\u00e1ssal,\u00a0(Fekete-Feh\u00e9r, Sz\u00ednesben A3-ig)\u00a0\u00a0 &nbsp;(Nyomtat\u00e1s sz\u00ednesben is A0+ m\u00e9retig!)\u200b &#8211; Egyedi v\u00e1szonk\u00e9p nyomtat\u00e1sa. &#8211; Lamin\u00e1l\u00e1ssal, spir\u00e1loz\u00e1ssal, szkennel\u00e9ssel. &#8211; VHS felv\u00e9telek digitaliz\u00e1l\u00e1s\u00e1val. &#8211; N\u00e9vjegyk\u00e1rty\u00e1k, fot\u00f3k nyomtat\u00e1sa. &#8211; Egyedi [&hellip;]<\/p>\n","protected":false},"author":1,"featured_media":0,"parent":0,"menu_order":0,"comment_status":"closed","ping_status":"closed","template":"","meta":{"footnotes":""},"class_list":["post-22","page","type-page","status-publish","czr-hentry"],"_links":{"self":[{"href":"https:\/\/nyomtatlak.hu\/index.php\/wp-json\/wp\/v2\/pages\/22","targetHints":{"allow":["GET"]}}],"collection":[{"href":"https:\/\/nyomtatlak.hu\/index.php\/wp-json\/wp\/v2\/pages"}],"about":[{"href":"https:\/\/nyomtatlak.hu\/index.php\/wp-json\/wp\/v2\/types\/page"}],"author":[{"embeddable":true,"href":"https:\/\/nyomtatlak.hu\/index.php\/wp-json\/wp\/v2\/users\/1"}],"replies":[{"embeddable":true,"href":"https:\/\/nyomtatlak.hu\/index.php\/wp-json\/wp\/v2\/comments?post=22"}],"version-history":[{"count":6,"href":"https:\/\/nyomtatlak.hu\/index.php\/wp-json\/wp\/v2\/pages\/22\/revisions"}],"predecessor-version":[{"id":67,"href":"https:\/\/nyomtatlak.hu\/index.php\/wp-json\/wp\/v2\/pages\/22\/revisions\/67"}],"wp:attachment":[{"href":"https:\/\/nyomtatlak.hu\/index.php\/wp-json\/wp\/v2\/media?parent=22"}],"curies":[{"name":"wp","href":"https:\/\/api.w.org\/{rel}","templated":true}]}}