{"id":169,"date":"2024-03-23T06:27:38","date_gmt":"2024-03-23T05:27:38","guid":{"rendered":"https:\/\/nyomtatlak.hu\/?page_id=169"},"modified":"2026-03-27T05:31:01","modified_gmt":"2026-03-27T04:31:01","slug":"aktualis","status":"publish","type":"page","link":"https:\/\/nyomtatlak.hu\/","title":{"rendered":"Aktu\u00e1lis"},"content":{"rendered":"<div class=\"wp-block-image\">\n<figure class=\"aligncenter size-large\"><img loading=\"lazy\" decoding=\"async\" width=\"724\" height=\"1024\" src=\"https:\/\/nyomtatlak.hu\/wp-content\/uploads\/2026\/03\/Blue-and-Green-Watercolor-Happy-Easter-Day-Poster-724x1024.jpg\" alt=\"\" class=\"wp-image-262\" srcset=\"https:\/\/nyomtatlak.hu\/wp-content\/uploads\/2026\/03\/Blue-and-Green-Watercolor-Happy-Easter-Day-Poster-724x1024.jpg 724w, https:\/\/nyomtatlak.hu\/wp-content\/uploads\/2026\/03\/Blue-and-Green-Watercolor-Happy-Easter-Day-Poster-212x300.jpg 212w, https:\/\/nyomtatlak.hu\/wp-content\/uploads\/2026\/03\/Blue-and-Green-Watercolor-Happy-Easter-Day-Poster-768x1086.jpg 768w, https:\/\/nyomtatlak.hu\/wp-content\/uploads\/2026\/03\/Blue-and-Green-Watercolor-Happy-Easter-Day-Poster-1086x1536.jpg 1086w, https:\/\/nyomtatlak.hu\/wp-content\/uploads\/2026\/03\/Blue-and-Green-Watercolor-Happy-Easter-Day-Poster-1448x2048.jpg 1448w, https:\/\/nyomtatlak.hu\/wp-content\/uploads\/2026\/03\/Blue-and-Green-Watercolor-Happy-Easter-Day-Poster.jpg 1587w\" sizes=\"auto, (max-width: 724px) 100vw, 724px\" \/><\/figure>\n<\/div>\n\n\n<hr class=\"wp-block-separator has-alpha-channel-opacity\"\/>\n\n\n<div class=\"wp-block-image\">\n<figure class=\"aligncenter size-large\"><img loading=\"lazy\" decoding=\"async\" width=\"1024\" height=\"725\" src=\"https:\/\/nyomtatlak.hu\/wp-content\/uploads\/2026\/03\/marc4-1024x725.png\" alt=\"\" class=\"wp-image-255\"\/><\/figure>\n<\/div>\n\n<div class=\"wp-block-image\">\n<figure class=\"aligncenter size-full is-resized\"><img loading=\"lazy\" decoding=\"async\" width=\"940\" height=\"788\" src=\"https:\/\/nyomtatlak.hu\/wp-content\/uploads\/2026\/02\/Red-We-Are-Closed-Notification-Facebook-Post.jpg\" alt=\"\" class=\"wp-image-252\" style=\"width:793px;height:auto\" srcset=\"https:\/\/nyomtatlak.hu\/wp-content\/uploads\/2026\/02\/Red-We-Are-Closed-Notification-Facebook-Post.jpg 940w, https:\/\/nyomtatlak.hu\/wp-content\/uploads\/2026\/02\/Red-We-Are-Closed-Notification-Facebook-Post-300x251.jpg 300w, https:\/\/nyomtatlak.hu\/wp-content\/uploads\/2026\/02\/Red-We-Are-Closed-Notification-Facebook-Post-768x644.jpg 768w\" sizes=\"auto, (max-width: 940px) 100vw, 940px\" \/><\/figure>\n<\/div>\n\n\n<hr class=\"wp-block-separator has-alpha-channel-opacity\"\/>\n\n\n<div class=\"wp-block-image\">\n<figure class=\"aligncenter size-large\"><img loading=\"lazy\" decoding=\"async\" width=\"701\" height=\"1024\" src=\"https:\/\/nyomtatlak.hu\/wp-content\/uploads\/2025\/12\/dec-nytaa-701x1024.png\" alt=\"\" class=\"wp-image-247\" srcset=\"https:\/\/nyomtatlak.hu\/wp-content\/uploads\/2025\/12\/dec-nytaa-701x1024.png 701w, https:\/\/nyomtatlak.hu\/wp-content\/uploads\/2025\/12\/dec-nytaa-205x300.png 205w, https:\/\/nyomtatlak.hu\/wp-content\/uploads\/2025\/12\/dec-nytaa-768x1122.png 768w, https:\/\/nyomtatlak.hu\/wp-content\/uploads\/2025\/12\/dec-nytaa-1051x1536.png 1051w, https:\/\/nyomtatlak.hu\/wp-content\/uploads\/2025\/12\/dec-nytaa-1401x2048.png 1401w, https:\/\/nyomtatlak.hu\/wp-content\/uploads\/2025\/12\/dec-nytaa-scaled.png 1752w\" sizes=\"auto, (max-width: 701px) 100vw, 701px\" \/><\/figure>\n<\/div>\n\n\n<hr class=\"wp-block-separator has-alpha-channel-opacity\"\/>\n\n\n\n<figure class=\"wp-block-image size-large\"><img loading=\"lazy\" decoding=\"async\" width=\"1024\" height=\"681\" src=\"https:\/\/nyomtatlak.hu\/wp-content\/uploads\/2025\/10\/okt.31-1024x681.jpg\" alt=\"\" class=\"wp-image-244\" srcset=\"https:\/\/nyomtatlak.hu\/wp-content\/uploads\/2025\/10\/okt.31-1024x681.jpg 1024w, https:\/\/nyomtatlak.hu\/wp-content\/uploads\/2025\/10\/okt.31-300x200.jpg 300w, https:\/\/nyomtatlak.hu\/wp-content\/uploads\/2025\/10\/okt.31-768x511.jpg 768w, https:\/\/nyomtatlak.hu\/wp-content\/uploads\/2025\/10\/okt.31-1536x1022.jpg 1536w, https:\/\/nyomtatlak.hu\/wp-content\/uploads\/2025\/10\/okt.31-2048x1363.jpg 2048w\" sizes=\"auto, (max-width: 1024px) 100vw, 1024px\" \/><\/figure>\n\n\n\n<center><iframe loading=\"lazy\" src=\"https:\/\/www.facebook.com\/plugins\/post.php?href=https%3A%2F%2Fwww.facebook.com%2Fnyomtatlak.bt%2Fposts%2F1403715741761417&#038;show_text=true&#038;width=800\" width=\"800\" height=\"675\" style=\"border:none;overflow:hidden\" scrolling=\"no\" frameborder=\"0\" allowfullscreen=\"true\" allow=\"autoplay; clipboard-write; encrypted-media; picture-in-picture; web-share\"><\/iframe>\n\n\n\n<figure class=\"wp-block-image size-large\"><img loading=\"lazy\" decoding=\"async\" width=\"1024\" height=\"1024\" src=\"https:\/\/nyomtatlak.hu\/wp-content\/uploads\/2025\/08\/aug-1024x1024.jpg\" alt=\"\" class=\"wp-image-235\" srcset=\"https:\/\/nyomtatlak.hu\/wp-content\/uploads\/2025\/08\/aug-1024x1024.jpg 1024w, https:\/\/nyomtatlak.hu\/wp-content\/uploads\/2025\/08\/aug-300x300.jpg 300w, https:\/\/nyomtatlak.hu\/wp-content\/uploads\/2025\/08\/aug-150x150.jpg 150w, https:\/\/nyomtatlak.hu\/wp-content\/uploads\/2025\/08\/aug-768x768.jpg 768w, https:\/\/nyomtatlak.hu\/wp-content\/uploads\/2025\/08\/aug-1536x1536.jpg 1536w, https:\/\/nyomtatlak.hu\/wp-content\/uploads\/2025\/08\/aug-510x510.jpg 510w, https:\/\/nyomtatlak.hu\/wp-content\/uploads\/2025\/08\/aug.jpg 1654w\" sizes=\"auto, (max-width: 1024px) 100vw, 1024px\" \/><\/figure>\n\n\n<div class=\"wp-block-image\">\n<figure class=\"aligncenter size-large is-resized\"><img loading=\"lazy\" decoding=\"async\" width=\"1024\" height=\"724\" src=\"https:\/\/nyomtatlak.hu\/wp-content\/uploads\/2025\/06\/nyari-nyt-1024x724.jpg\" alt=\"\" class=\"wp-image-226\" style=\"width:692px;height:auto\" srcset=\"https:\/\/nyomtatlak.hu\/wp-content\/uploads\/2025\/06\/nyari-nyt-1024x724.jpg 1024w, https:\/\/nyomtatlak.hu\/wp-content\/uploads\/2025\/06\/nyari-nyt-300x212.jpg 300w, https:\/\/nyomtatlak.hu\/wp-content\/uploads\/2025\/06\/nyari-nyt-768x543.jpg 768w, https:\/\/nyomtatlak.hu\/wp-content\/uploads\/2025\/06\/nyari-nyt-1536x1086.jpg 1536w, https:\/\/nyomtatlak.hu\/wp-content\/uploads\/2025\/06\/nyari-nyt-2048x1448.jpg 2048w\" sizes=\"auto, (max-width: 1024px) 100vw, 1024px\" \/><\/figure>\n<\/div>\n\n\n<hr class=\"wp-block-separator has-alpha-channel-opacity\"\/>\n\n\n\n<!--nextpage-->\n\n\n<div class=\"wp-block-image\">\n<figure class=\"aligncenter size-large is-resized\"><img loading=\"lazy\" decoding=\"async\" width=\"1024\" height=\"683\" src=\"https:\/\/nyomtatlak.hu\/wp-content\/uploads\/2025\/04\/majus-1024x683.png\" alt=\"\" class=\"wp-image-223\" style=\"width:692px;height:auto\" srcset=\"https:\/\/nyomtatlak.hu\/wp-content\/uploads\/2025\/04\/majus-1024x683.png 1024w, https:\/\/nyomtatlak.hu\/wp-content\/uploads\/2025\/04\/majus-300x200.png 300w, https:\/\/nyomtatlak.hu\/wp-content\/uploads\/2025\/04\/majus-768x512.png 768w, https:\/\/nyomtatlak.hu\/wp-content\/uploads\/2025\/04\/majus-1536x1024.png 1536w, https:\/\/nyomtatlak.hu\/wp-content\/uploads\/2025\/04\/majus-2048x1365.png 2048w\" sizes=\"auto, (max-width: 1024px) 100vw, 1024px\" \/><\/figure>\n<\/div>\n\n\n<hr class=\"wp-block-separator has-alpha-channel-opacity\"\/>\n\n\n<div class=\"wp-block-image\">\n<figure class=\"aligncenter size-full is-resized\"><img loading=\"lazy\" decoding=\"async\" width=\"940\" height=\"788\" src=\"https:\/\/nyomtatlak.hu\/wp-content\/uploads\/2025\/04\/Pink-Modern-Happy-Easter-Day-Facebook-Post.jpg\" alt=\"\" class=\"wp-image-219\" style=\"width:693px;height:auto\" srcset=\"https:\/\/nyomtatlak.hu\/wp-content\/uploads\/2025\/04\/Pink-Modern-Happy-Easter-Day-Facebook-Post.jpg 940w, https:\/\/nyomtatlak.hu\/wp-content\/uploads\/2025\/04\/Pink-Modern-Happy-Easter-Day-Facebook-Post-300x251.jpg 300w, https:\/\/nyomtatlak.hu\/wp-content\/uploads\/2025\/04\/Pink-Modern-Happy-Easter-Day-Facebook-Post-768x644.jpg 768w\" sizes=\"auto, (max-width: 940px) 100vw, 940px\" \/><\/figure>\n<\/div>\n\n\n<hr class=\"wp-block-separator has-alpha-channel-opacity\"\/>\n\n\n<div class=\"wp-block-image\">\n<figure class=\"aligncenter size-large is-resized\"><img loading=\"lazy\" decoding=\"async\" width=\"1024\" height=\"732\" src=\"https:\/\/nyomtatlak.hu\/wp-content\/uploads\/2025\/02\/kedd-1024x732.jpg\" alt=\"\" class=\"wp-image-215\" style=\"width:697px;height:auto\" srcset=\"https:\/\/nyomtatlak.hu\/wp-content\/uploads\/2025\/02\/kedd-1024x732.jpg 1024w, https:\/\/nyomtatlak.hu\/wp-content\/uploads\/2025\/02\/kedd-300x214.jpg 300w, https:\/\/nyomtatlak.hu\/wp-content\/uploads\/2025\/02\/kedd-768x549.jpg 768w, https:\/\/nyomtatlak.hu\/wp-content\/uploads\/2025\/02\/kedd.jpg 1149w\" sizes=\"auto, (max-width: 1024px) 100vw, 1024px\" \/><\/figure>\n<\/div>\n\n\n<hr class=\"wp-block-separator has-alpha-channel-opacity\"\/>\n\n\n<div class=\"wp-block-image\">\n<figure class=\"aligncenter size-large is-resized\"><img loading=\"lazy\" decoding=\"async\" width=\"1024\" height=\"1024\" src=\"https:\/\/nyomtatlak.hu\/wp-content\/uploads\/2024\/12\/karacsonyi-1024x1024.png\" alt=\"\" class=\"wp-image-207\" style=\"width:469px;height:auto\" srcset=\"https:\/\/nyomtatlak.hu\/wp-content\/uploads\/2024\/12\/karacsonyi-1024x1024.png 1024w, https:\/\/nyomtatlak.hu\/wp-content\/uploads\/2024\/12\/karacsonyi-300x300.png 300w, https:\/\/nyomtatlak.hu\/wp-content\/uploads\/2024\/12\/karacsonyi-150x150.png 150w, https:\/\/nyomtatlak.hu\/wp-content\/uploads\/2024\/12\/karacsonyi-768x768.png 768w, https:\/\/nyomtatlak.hu\/wp-content\/uploads\/2024\/12\/karacsonyi-510x510.png 510w, https:\/\/nyomtatlak.hu\/wp-content\/uploads\/2024\/12\/karacsonyi.png 1080w\" sizes=\"auto, (max-width: 1024px) 100vw, 1024px\" \/><\/figure>\n<\/div>\n\n<div class=\"wp-block-image\">\n<figure class=\"aligncenter size-large is-resized\"><img loading=\"lazy\" decoding=\"async\" width=\"806\" height=\"1024\" src=\"https:\/\/nyomtatlak.hu\/wp-content\/uploads\/2024\/12\/unnepi-806x1024.png\" alt=\"\" class=\"wp-image-204\" style=\"width:473px;height:auto\" srcset=\"https:\/\/nyomtatlak.hu\/wp-content\/uploads\/2024\/12\/unnepi-806x1024.png 806w, https:\/\/nyomtatlak.hu\/wp-content\/uploads\/2024\/12\/unnepi-236x300.png 236w, https:\/\/nyomtatlak.hu\/wp-content\/uploads\/2024\/12\/unnepi-768x976.png 768w, https:\/\/nyomtatlak.hu\/wp-content\/uploads\/2024\/12\/unnepi-1208x1536.png 1208w, https:\/\/nyomtatlak.hu\/wp-content\/uploads\/2024\/12\/unnepi-1611x2048.png 1611w\" sizes=\"auto, (max-width: 806px) 100vw, 806px\" \/><\/figure>\n<\/div>\n\n<div class=\"wp-block-image\">\n<figure class=\"aligncenter size-large is-resized\"><img loading=\"lazy\" decoding=\"async\" width=\"724\" height=\"1024\" src=\"https:\/\/nyomtatlak.hu\/wp-content\/uploads\/2024\/10\/nov-724x1024.jpg\" alt=\"\" class=\"wp-image-200\" style=\"width:479px;height:auto\" srcset=\"https:\/\/nyomtatlak.hu\/wp-content\/uploads\/2024\/10\/nov-724x1024.jpg 724w, https:\/\/nyomtatlak.hu\/wp-content\/uploads\/2024\/10\/nov-212x300.jpg 212w, https:\/\/nyomtatlak.hu\/wp-content\/uploads\/2024\/10\/nov-768x1086.jpg 768w, https:\/\/nyomtatlak.hu\/wp-content\/uploads\/2024\/10\/nov-1086x1536.jpg 1086w, https:\/\/nyomtatlak.hu\/wp-content\/uploads\/2024\/10\/nov-1448x2048.jpg 1448w, https:\/\/nyomtatlak.hu\/wp-content\/uploads\/2024\/10\/nov-scaled.jpg 1810w\" sizes=\"auto, (max-width: 724px) 100vw, 724px\" \/><\/figure>\n<\/div>\n\n<div class=\"wp-block-image\">\n<figure class=\"aligncenter size-large is-resized\"><img loading=\"lazy\" decoding=\"async\" width=\"1024\" height=\"724\" src=\"https:\/\/nyomtatlak.hu\/wp-content\/uploads\/2024\/10\/okt-1024x724.png\" alt=\"\" class=\"wp-image-196\" style=\"width:486px;height:auto\" srcset=\"https:\/\/nyomtatlak.hu\/wp-content\/uploads\/2024\/10\/okt-1024x724.png 1024w, https:\/\/nyomtatlak.hu\/wp-content\/uploads\/2024\/10\/okt-300x212.png 300w, https:\/\/nyomtatlak.hu\/wp-content\/uploads\/2024\/10\/okt-768x543.png 768w, https:\/\/nyomtatlak.hu\/wp-content\/uploads\/2024\/10\/okt-1536x1086.png 1536w, https:\/\/nyomtatlak.hu\/wp-content\/uploads\/2024\/10\/okt-2048x1448.png 2048w\" sizes=\"auto, (max-width: 1024px) 100vw, 1024px\" \/><\/figure>\n<\/div>\n\n\n<div data-wp-interactive=\"core\/file\" class=\"wp-block-file\"><object data-wp-bind--hidden=\"!state.hasPdfPreview\" hidden class=\"wp-block-file__embed\" data=\"https:\/\/nyomtatlak.hu\/wp-content\/uploads\/2024\/08\/aramszunet-szept.pdf\" type=\"application\/pdf\" style=\"width:100%;height:600px\" aria-label=\"\u00e1ramsz\u00fcnet szept be\u00e1gyaz\u00e1sa\"><\/object><a id=\"wp-block-file--media-c6641bcc-ea80-4bab-869c-e842a946e3ca\" href=\"https:\/\/nyomtatlak.hu\/wp-content\/uploads\/2024\/08\/aramszunet-szept.pdf\">\u00e1ramsz\u00fcnet szept<\/a><a href=\"https:\/\/nyomtatlak.hu\/wp-content\/uploads\/2024\/08\/aramszunet-szept.pdf\" class=\"wp-block-file__button wp-element-button\" download aria-describedby=\"wp-block-file--media-c6641bcc-ea80-4bab-869c-e842a946e3ca\">Let\u00f6lt\u00e9s<\/a><\/div>\n\n\n\n<hr class=\"wp-block-separator has-alpha-channel-opacity\"\/>\n\n\n\n<figure class=\"wp-block-image size-large\"><img loading=\"lazy\" decoding=\"async\" width=\"1024\" height=\"724\" src=\"https:\/\/nyomtatlak.hu\/wp-content\/uploads\/2024\/08\/augusztus-1024x724.jpg\" alt=\"\" class=\"wp-image-188\" srcset=\"https:\/\/nyomtatlak.hu\/wp-content\/uploads\/2024\/08\/augusztus-1024x724.jpg 1024w, https:\/\/nyomtatlak.hu\/wp-content\/uploads\/2024\/08\/augusztus-300x212.jpg 300w, https:\/\/nyomtatlak.hu\/wp-content\/uploads\/2024\/08\/augusztus-768x543.jpg 768w, https:\/\/nyomtatlak.hu\/wp-content\/uploads\/2024\/08\/augusztus-1536x1086.jpg 1536w, https:\/\/nyomtatlak.hu\/wp-content\/uploads\/2024\/08\/augusztus-2048x1448.jpg 2048w\" sizes=\"auto, (max-width: 1024px) 100vw, 1024px\" \/><\/figure>\n\n\n\n<hr class=\"wp-block-separator has-alpha-channel-opacity\"\/>\n\n\n\n<figure class=\"wp-block-image size-large\"><img loading=\"lazy\" decoding=\"async\" width=\"724\" height=\"1024\" src=\"https:\/\/nyomtatlak.hu\/wp-content\/uploads\/2024\/05\/Yellow-Illustrative-Attention-Poster4-724x1024.png\" alt=\"\" class=\"wp-image-184\" srcset=\"https:\/\/nyomtatlak.hu\/wp-content\/uploads\/2024\/05\/Yellow-Illustrative-Attention-Poster4-724x1024.png 724w, https:\/\/nyomtatlak.hu\/wp-content\/uploads\/2024\/05\/Yellow-Illustrative-Attention-Poster4-212x300.png 212w, https:\/\/nyomtatlak.hu\/wp-content\/uploads\/2024\/05\/Yellow-Illustrative-Attention-Poster4-768x1086.png 768w, https:\/\/nyomtatlak.hu\/wp-content\/uploads\/2024\/05\/Yellow-Illustrative-Attention-Poster4-1086x1536.png 1086w, https:\/\/nyomtatlak.hu\/wp-content\/uploads\/2024\/05\/Yellow-Illustrative-Attention-Poster4-1448x2048.png 1448w, https:\/\/nyomtatlak.hu\/wp-content\/uploads\/2024\/05\/Yellow-Illustrative-Attention-Poster4.png 1587w\" sizes=\"auto, (max-width: 724px) 100vw, 724px\" \/><\/figure>\n\n\n\n<hr class=\"wp-block-separator has-alpha-channel-opacity\"\/>\n\n\n\n<figure class=\"wp-block-image size-large\"><img loading=\"lazy\" decoding=\"async\" width=\"1024\" height=\"722\" src=\"https:\/\/nyomtatlak.hu\/wp-content\/uploads\/2024\/04\/Untitled-1-1024x722.png\" alt=\"\" class=\"wp-image-181\" srcset=\"https:\/\/nyomtatlak.hu\/wp-content\/uploads\/2024\/04\/Untitled-1-1024x722.png 1024w, https:\/\/nyomtatlak.hu\/wp-content\/uploads\/2024\/04\/Untitled-1-300x212.png 300w, https:\/\/nyomtatlak.hu\/wp-content\/uploads\/2024\/04\/Untitled-1-768x542.png 768w, https:\/\/nyomtatlak.hu\/wp-content\/uploads\/2024\/04\/Untitled-1.png 1500w\" sizes=\"auto, (max-width: 1024px) 100vw, 1024px\" \/><\/figure>\n\n\n\n<hr class=\"wp-block-separator has-alpha-channel-opacity\"\/>\n\n\n<div class=\"wp-block-image\">\n<figure class=\"aligncenter size-full\"><img loading=\"lazy\" decoding=\"async\" width=\"3493\" height=\"2738\" src=\"https:\/\/nyomtatlak.hu\/wp-content\/uploads\/2024\/03\/husvet.png\" alt=\"\" class=\"wp-image-170\" srcset=\"https:\/\/nyomtatlak.hu\/wp-content\/uploads\/2024\/03\/husvet.png 3493w, https:\/\/nyomtatlak.hu\/wp-content\/uploads\/2024\/03\/husvet-300x235.png 300w, https:\/\/nyomtatlak.hu\/wp-content\/uploads\/2024\/03\/husvet-1024x803.png 1024w, https:\/\/nyomtatlak.hu\/wp-content\/uploads\/2024\/03\/husvet-768x602.png 768w, https:\/\/nyomtatlak.hu\/wp-content\/uploads\/2024\/03\/husvet-1536x1204.png 1536w, https:\/\/nyomtatlak.hu\/wp-content\/uploads\/2024\/03\/husvet-2048x1605.png 2048w\" sizes=\"auto, (max-width: 3493px) 100vw, 3493px\" \/><\/figure>\n<\/div>\n\n\n<figure class=\"wp-block-gallery has-nested-images columns-default is-cropped wp-block-gallery-1 is-layout-flex wp-block-gallery-is-layout-flex\">\n<figure class=\"wp-block-image size-full\"><img loading=\"lazy\" decoding=\"async\" width=\"1000\" height=\"737\" data-id=\"162\" src=\"https:\/\/nyomtatlak.hu\/wp-content\/uploads\/2024\/03\/marc15.png\" alt=\"\" class=\"wp-image-162\" srcset=\"https:\/\/nyomtatlak.hu\/wp-content\/uploads\/2024\/03\/marc15.png 1000w, https:\/\/nyomtatlak.hu\/wp-content\/uploads\/2024\/03\/marc15-300x221.png 300w, https:\/\/nyomtatlak.hu\/wp-content\/uploads\/2024\/03\/marc15-768x566.png 768w\" sizes=\"auto, (max-width: 1000px) 100vw, 1000px\" \/><\/figure>\n<\/figure>\n\n\n\n<hr class=\"wp-block-separator has-alpha-channel-opacity\"\/>\n","protected":false},"excerpt":{"rendered":"","protected":false},"author":1,"featured_media":0,"parent":0,"menu_order":0,"comment_status":"closed","ping_status":"closed","template":"","meta":{"footnotes":""},"class_list":["post-169","page","type-page","status-publish","czr-hentry"],"_links":{"self":[{"href":"https:\/\/nyomtatlak.hu\/index.php\/wp-json\/wp\/v2\/pages\/169","targetHints":{"allow":["GET"]}}],"collection":[{"href":"https:\/\/nyomtatlak.hu\/index.php\/wp-json\/wp\/v2\/pages"}],"about":[{"href":"https:\/\/nyomtatlak.hu\/index.php\/wp-json\/wp\/v2\/types\/page"}],"author":[{"embeddable":true,"href":"https:\/\/nyomtatlak.hu\/index.php\/wp-json\/wp\/v2\/users\/1"}],"replies":[{"embeddable":true,"href":"https:\/\/nyomtatlak.hu\/index.php\/wp-json\/wp\/v2\/comments?post=169"}],"version-history":[{"count":26,"href":"https:\/\/nyomtatlak.hu\/index.php\/wp-json\/wp\/v2\/pages\/169\/revisions"}],"predecessor-version":[{"id":263,"href":"https:\/\/nyomtatlak.hu\/index.php\/wp-json\/wp\/v2\/pages\/169\/revisions\/263"}],"wp:attachment":[{"href":"https:\/\/nyomtatlak.hu\/index.php\/wp-json\/wp\/v2\/media?parent=169"}],"curies":[{"name":"wp","href":"https:\/\/api.w.org\/{rel}","templated":true}]}}